{"id":3568,"date":"2022-02-06T07:51:10","date_gmt":"2022-02-06T06:51:10","guid":{"rendered":"https:\/\/mateuszhajman.com\/?page_id=3568"},"modified":"2022-09-08T11:09:18","modified_gmt":"2022-09-08T09:09:18","slug":"sessions-info","status":"publish","type":"page","link":"https:\/\/mateuszhajman.com\/en\/sessions-info\/","title":{"rendered":"Sessions\/info"},"content":{"rendered":"<p>[et_pb_section fb_built=&#8221;1&#8243; admin_label=&#8221;Title&#8221; _builder_version=&#8221;4.16&#8243; _module_preset=&#8221;default&#8221; custom_margin=&#8221;9vw||||false|false&#8221; custom_margin_tablet=&#8221;18vw||||false|false&#8221; custom_margin_phone=&#8221;28vw||||false|false&#8221; custom_margin_last_edited=&#8221;on|desktop&#8221; global_colors_info=&#8221;{}&#8221;][et_pb_row use_custom_gutter=&#8221;on&#8221; gutter_width=&#8221;1&#8243; custom_padding_last_edited=&#8221;on|tablet&#8221; _builder_version=&#8221;4.16&#8243; _module_preset=&#8221;default&#8221; width=&#8221;100%&#8221; width_tablet=&#8221;94%&#8221; width_phone=&#8221;90%&#8221; width_last_edited=&#8221;on|tablet&#8221; max_width=&#8221;100%&#8221; max_width_tablet=&#8221;94%&#8221; max_width_phone=&#8221;90%&#8221; max_width_last_edited=&#8221;on|tablet&#8221; custom_padding=&#8221;|2vw||2vw|false|true&#8221; custom_padding_tablet=&#8221;|0vw||0vw|false|true&#8221; custom_padding_phone=&#8221;|0vw||0vw|false|true&#8221; global_colors_info=&#8221;{}&#8221;][et_pb_column type=&#8221;4_4&#8243; _builder_version=&#8221;4.16&#8243; _module_preset=&#8221;default&#8221; global_colors_info=&#8221;{}&#8221;][et_pb_text admin_label=&#8221;Page title&#8221; module_class=&#8221;calculatedBig&#8221; _builder_version=&#8221;4.16&#8243; _dynamic_attributes=&#8221;content&#8221; _module_preset=&#8221;default&#8221; text_font=&#8221;|300||on|||||&#8221; text_font_size=&#8221;1em&#8221; text_line_height=&#8221;0.7em&#8221; header_font=&#8221;|300||on|||||&#8221; header_font_size=&#8221;1em&#8221; header_line_height=&#8221;0.7em&#8221; custom_margin=&#8221;|||-0.6vw|false|false&#8221; text_font_phone=&#8221;|600|||||||&#8221; text_font_last_edited=&#8221;off|phone&#8221; text_line_height_tablet=&#8221;0.8em&#8221; text_line_height_phone=&#8221;0.9em&#8221; text_line_height_last_edited=&#8221;on|desktop&#8221; header_font_phone=&#8221;|300||on|||||&#8221; header_font_last_edited=&#8221;off|phone&#8221; header_line_height_tablet=&#8221;0.8em&#8221; header_line_height_phone=&#8221;0.9em&#8221; header_line_height_last_edited=&#8221;on|phone&#8221; global_colors_info=&#8221;{}&#8221; custom_css_main_element_last_edited=&#8221;on|desktop&#8221; custom_css_main_element_phone=&#8221;font-weight: 400 !important;&#8221;]@ET-DC@eyJkeW5hbWljIjp0cnVlLCJjb250ZW50IjoicG9zdF90aXRsZSIsInNldHRpbmdzIjp7ImJlZm9yZSI6IiIsImFmdGVyIjoiIn19@[\/et_pb_text][\/et_pb_column][\/et_pb_row][\/et_pb_section][et_pb_section fb_built=&#8221;1&#8243; admin_label=&#8221;Content&#8221; _builder_version=&#8221;4.16&#8243; _module_preset=&#8221;default&#8221; width_tablet=&#8221;98%&#8221; width_phone=&#8221;94%&#8221; width_last_edited=&#8221;on|phone&#8221; max_width_tablet=&#8221;98%&#8221; max_width_phone=&#8221;94%&#8221; max_width_last_edited=&#8221;on|phone&#8221; module_alignment=&#8221;center&#8221; custom_margin=&#8221;2vw||||false|false&#8221; custom_margin_tablet=&#8221;2vw||||false|false&#8221; custom_margin_phone=&#8221;4vw||||false|false&#8221; custom_margin_last_edited=&#8221;on|tablet&#8221; global_colors_info=&#8221;{}&#8221;][et_pb_row column_structure=&#8221;1_2,1_2&#8243; use_custom_gutter=&#8221;on&#8221; gutter_width=&#8221;1&#8243; make_equal=&#8221;on&#8221; _builder_version=&#8221;4.16&#8243; _module_preset=&#8221;default&#8221; width=&#8221;96%&#8221; max_width=&#8221;96%&#8221; custom_padding=&#8221;||||false|false&#8221; global_colors_info=&#8221;{}&#8221;][et_pb_column type=&#8221;1_2&#8243; admin_label=&#8221;photo&#8221; _builder_version=&#8221;4.16&#8243; _module_preset=&#8221;default&#8221; background_image=&#8221;https:\/\/mateuszhajman.com\/wp-content\/uploads\/2022\/02\/photo_sesje-info.jpg&#8221; parallax=&#8221;on&#8221; custom_padding_tablet=&#8221;||3vw||false|false&#8221; custom_padding_phone=&#8221;||5vw||false|false&#8221; custom_padding_last_edited=&#8221;on|phone&#8221; background_last_edited=&#8221;on|tablet&#8221; background_enable_image_tablet=&#8221;off&#8221; border_width_right=&#8221;2vw&#8221; border_color_right=&#8221;#FFFFFF&#8221; border_width_right_tablet=&#8221;0vw&#8221; border_width_right_phone=&#8221;0vw&#8221; border_width_right_last_edited=&#8221;on|phone&#8221; global_colors_info=&#8221;{}&#8221;][et_pb_image src=&#8221;https:\/\/mateuszhajman.com\/wp-content\/uploads\/2022\/02\/photo_sesje-info.jpg&#8221; title_text=&#8221;Mateusz Hajman&#8221; disabled_on=&#8221;off|off|on&#8221; _builder_version=&#8221;4.16&#8243; _module_preset=&#8221;default&#8221; global_colors_info=&#8221;{}&#8221;][\/et_pb_image][\/et_pb_column][et_pb_column type=&#8221;1_2&#8243; admin_label=&#8221;content&#8221; _builder_version=&#8221;4.16&#8243; _module_preset=&#8221;default&#8221; global_colors_info=&#8221;{}&#8221;][et_pb_text admin_label=&#8221;Intro&#8221; module_class=&#8221;calculated&#8221; _builder_version=&#8221;4.17.4&#8243; _module_preset=&#8221;default&#8221; text_font=&#8221;|||on|||||&#8221; text_line_height=&#8221;1.3em&#8221; width_last_edited=&#8221;off|tablet&#8221; max_width=&#8221;40vw&#8221; max_width_tablet=&#8221;100%&#8221; max_width_phone=&#8221;100%&#8221; max_width_last_edited=&#8221;on|phone&#8221; global_colors_info=&#8221;{}&#8221;]<\/p>\n<p>Open for collaboration. Please contact me <a href=\"mailto:photo@mateuszhajman.com\">photo@mateuszhajman.com<\/a> or DM on Instagram in order to arrange terms of the cooperation.<\/p>\n<p>Below is a short FAQ based on interviews conducted by Paulina Klepacz and Weronika Sraga for G&#8217;rls Room.<\/p>\n<p>[\/et_pb_text][et_pb_text admin_label=&#8221;Subtitle&#8221; module_class=&#8221;calculatedBig&#8221; _builder_version=&#8221;4.16&#8243; _module_preset=&#8221;default&#8221; header_2_font=&#8221;|300|||||||&#8221; header_2_font_size=&#8221;1em&#8221; width_last_edited=&#8221;off|tablet&#8221; max_width=&#8221;40vw&#8221; max_width_tablet=&#8221;100%&#8221; max_width_phone=&#8221;100%&#8221; max_width_last_edited=&#8221;on|tablet&#8221; custom_margin=&#8221;2vw||2vw|-0.7vw|false|false&#8221; custom_margin_tablet=&#8221;3vw||2vw|-0.6vw|false|false&#8221; custom_margin_phone=&#8221;6vw||4vw||false|false&#8221; custom_margin_last_edited=&#8221;on|phone&#8221; global_colors_info=&#8221;{}&#8221;]<\/p>\n<h2>FAQ<\/h2>\n<p>[\/et_pb_text][et_pb_text admin_label=&#8221;content txt&#8221; module_class=&#8221;calculated&#8221; _builder_version=&#8221;4.17.4&#8243; _module_preset=&#8221;default&#8221; text_font=&#8221;|||on|||||&#8221; text_line_height=&#8221;1.3em&#8221; width_last_edited=&#8221;off|tablet&#8221; max_width=&#8221;40vw&#8221; max_width_tablet=&#8221;100%&#8221; max_width_phone=&#8221;100%&#8221; max_width_last_edited=&#8221;on|phone&#8221; hover_enabled=&#8221;0&#8243; global_colors_info=&#8221;{}&#8221; sticky_enabled=&#8221;0&#8243;]<\/p>\n<p><strong>Who do you prefer to work with, amateurs or professional models?<\/strong><br \/>Ironically, it\u2019s usually more difficult with the professionals. They know what to do, what pose to strike to look good and then I take the pictures and realise that I know these poses, I\u2019ve already seen it somewhere, which bothers me. Osoby, kt\u00f3re nie maj\u0105 do\u015bwiadczenia z pozowaniem, cz\u0119sto zachowuj\u0105 si\u0119 bardziej naturalnie i spontanicznie na zdj\u0119ciach. Ale nie ma regu\u0142y, nie chcia\u0142bym generalizowa\u0107.<\/p>\n<p><strong>Do you have any certain criteria of choice of models?<\/strong><br \/>No, unless it\u2019s about a specific project for which I might need a certain type of face or figure. But normally I don\u2019t have any assumptions or visions (about model types). Zazwyczaj jednak nie mam \u017cadnych ram, czy za\u0142o\u017ce\u0144.<\/p>\n<p><strong>Do you have any certain way of making them feel comfortable?<\/strong><br \/>I\u2019m trying to bore her with my company until she feels casual and stops thinking about herself being naked and me standing next to her with a camera. It usually takes about several minutes up to an hour before the model feels utterly comfortable, natural. Sometimes it\u2019s me who\u2019s more abashed. Zazwyczaj na pocz\u0105tku sesji ka\u017cdy si\u0119 stresuje (\u0142\u0105cznie ze mn\u0105).<\/p>\n<p>[\/et_pb_text][\/et_pb_column][\/et_pb_row][et_pb_row use_custom_gutter=&#8221;on&#8221; gutter_width=&#8221;1&#8243; make_equal=&#8221;on&#8221; admin_label=&#8221;Title&#8221; _builder_version=&#8221;4.16&#8243; _module_preset=&#8221;default&#8221; width=&#8221;96%&#8221; max_width=&#8221;96%&#8221; custom_padding=&#8221;||||false|false&#8221; global_colors_info=&#8221;{}&#8221;][et_pb_column type=&#8221;4_4&#8243; admin_label=&#8221;content&#8221; _builder_version=&#8221;4.16&#8243; _module_preset=&#8221;default&#8221; global_colors_info=&#8221;{}&#8221;][et_pb_text admin_label=&#8221;Subtitle&#8221; module_class=&#8221;calculatedBig&#8221; _builder_version=&#8221;4.17.4&#8243; _module_preset=&#8221;default&#8221; header_2_font=&#8221;|300||on|||||&#8221; header_2_font_size=&#8221;1em&#8221; width_last_edited=&#8221;off|tablet&#8221; max_width=&#8221;100vw&#8221; max_width_tablet=&#8221;100%&#8221; max_width_phone=&#8221;100%&#8221; max_width_last_edited=&#8221;off|desktop&#8221; custom_margin=&#8221;2vw||2vw|-0.7vw|false|false&#8221; custom_margin_tablet=&#8221;3vw||2vw|-0.6vw|false|false&#8221; custom_margin_phone=&#8221;6vw||4vw||false|false&#8221; custom_margin_last_edited=&#8221;on|phone&#8221; global_colors_info=&#8221;{}&#8221;]<\/p>\n<h2>More<\/h2>\n<p>[\/et_pb_text][\/et_pb_column][\/et_pb_row][et_pb_row column_structure=&#8221;1_2,1_2&#8243; use_custom_gutter=&#8221;on&#8221; gutter_width=&#8221;1&#8243; make_equal=&#8221;on&#8221; _builder_version=&#8221;4.16&#8243; _module_preset=&#8221;default&#8221; width=&#8221;96%&#8221; max_width=&#8221;96%&#8221; custom_padding=&#8221;||||false|false&#8221; global_colors_info=&#8221;{}&#8221;][et_pb_column type=&#8221;1_2&#8243; admin_label=&#8221;content&#8221; _builder_version=&#8221;4.16&#8243; _module_preset=&#8221;default&#8221; custom_padding=&#8221;||0vw||false|false&#8221; custom_padding_tablet=&#8221;||2vw||false|false&#8221; custom_padding_phone=&#8221;||5vw||false|false&#8221; custom_padding_last_edited=&#8221;on|phone&#8221; global_colors_info=&#8221;{}&#8221;][et_pb_text admin_label=&#8221;content txt&#8221; module_class=&#8221;calculated&#8221; _builder_version=&#8221;4.17.4&#8243; _module_preset=&#8221;default&#8221; text_font=&#8221;|||on|||||&#8221; text_line_height=&#8221;1.3em&#8221; width_last_edited=&#8221;off|tablet&#8221; max_width=&#8221;40vw&#8221; max_width_tablet=&#8221;100%&#8221; max_width_phone=&#8221;100%&#8221; max_width_last_edited=&#8221;on|phone&#8221; global_colors_info=&#8221;{}&#8221;]<\/p>\n<p>Links:<\/p>\n<p><a href=\"http:\/\/girlsroom.pl\/zycie\/7493-nagosc-po-nacisnieciu-migawki\" target=\"_blank\" rel=\"noopener\">GIRLSROOM \u2013 Nago\u015b\u0107 po naci\u015bni\u0119ciu migawki<\/a><br \/><a href=\"http:\/\/girlsroom.pl\/zycie\/6442-wywiad-mateusz-hajman\" target=\"_blank\" rel=\"noopener\">GIRLSROOM \u2013 Interview: Mateusz Hajman<\/a><\/p>\n<p>[\/et_pb_text][\/et_pb_column][et_pb_column type=&#8221;1_2&#8243; admin_label=&#8221;content&#8221; _builder_version=&#8221;4.16&#8243; _module_preset=&#8221;default&#8221; global_colors_info=&#8221;{}&#8221;][\/et_pb_column][\/et_pb_row][\/et_pb_section]<\/p>\n","protected":false},"excerpt":{"rendered":"<p>Open for collaboration. Please contact me photo@mateuszhajman.com or DM on Instagram in order to arrange terms of the cooperation. Below is a short FAQ based on interviews conducted by Paulina Klepacz and Weronika Sraga for G&#8217;rls Room.FAQWho do you prefer to work with, amateurs or professional models?Ironically, it\u2019s usually more difficult with the professionals. They [&hellip;]<\/p>\n","protected":false},"author":1,"featured_media":0,"parent":0,"menu_order":0,"comment_status":"closed","ping_status":"closed","template":"","meta":{"_et_pb_use_builder":"on","_et_pb_old_content":"","_et_gb_content_width":"","inline_featured_image":false,"footnotes":""},"acf":[],"yoast_head":"<!-- This site is optimized with the Yoast SEO plugin v23.5 - https:\/\/yoast.com\/wordpress\/plugins\/seo\/ -->\n<title>Sessions\/info &#8212; Mateusz Hajman<\/title>\n<meta name=\"robots\" content=\"index, follow, max-snippet:-1, max-image-preview:large, max-video-preview:-1\" \/>\n<link rel=\"canonical\" href=\"https:\/\/mateuszhajman.com\/en\/sessions-info\/\" \/>\n<meta property=\"og:locale\" content=\"en_US\" \/>\n<meta property=\"og:type\" content=\"article\" \/>\n<meta property=\"og:title\" content=\"Sessions\/info &#8212; Mateusz Hajman\" \/>\n<meta property=\"og:description\" content=\"Open for collaboration. Please contact me photo@mateuszhajman.com or DM on Instagram in order to arrange terms of the cooperation. Below is a short FAQ based on interviews conducted by Paulina Klepacz and Weronika Sraga for G&#039;rls Room.FAQWho do you prefer to work with, amateurs or professional models?Ironically, it\u2019s usually more difficult with the professionals. They [&hellip;]\" \/>\n<meta property=\"og:url\" content=\"https:\/\/mateuszhajman.com\/en\/sessions-info\/\" \/>\n<meta property=\"og:site_name\" content=\"Mateusz Hajman\" \/>\n<meta property=\"article:publisher\" content=\"https:\/\/www.facebook.com\/mateusz.hajman.3\" \/>\n<meta property=\"article:modified_time\" content=\"2022-09-08T09:09:18+00:00\" \/>\n<meta property=\"og:image\" content=\"https:\/\/mateuszhajman.com\/wp-content\/uploads\/2021\/10\/icon_fb-link.jpg\" \/>\n\t<meta property=\"og:image:width\" content=\"1200\" \/>\n\t<meta property=\"og:image:height\" content=\"630\" \/>\n\t<meta property=\"og:image:type\" content=\"image\/jpeg\" \/>\n<meta name=\"twitter:label1\" content=\"Est. reading time\" \/>\n\t<meta name=\"twitter:data1\" content=\"4 minutes\" \/>\n<script type=\"application\/ld+json\" class=\"yoast-schema-graph\">{\"@context\":\"https:\/\/schema.org\",\"@graph\":[{\"@type\":\"WebPage\",\"@id\":\"https:\/\/mateuszhajman.com\/en\/sessions-info\/\",\"url\":\"https:\/\/mateuszhajman.com\/en\/sessions-info\/\",\"name\":\"Sessions\/info &#8212; Mateusz Hajman\",\"isPartOf\":{\"@id\":\"https:\/\/mateuszhajman.com\/en\/#website\"},\"datePublished\":\"2022-02-06T06:51:10+00:00\",\"dateModified\":\"2022-09-08T09:09:18+00:00\",\"breadcrumb\":{\"@id\":\"https:\/\/mateuszhajman.com\/en\/sessions-info\/#breadcrumb\"},\"inLanguage\":\"en-US\",\"potentialAction\":[{\"@type\":\"ReadAction\",\"target\":[\"https:\/\/mateuszhajman.com\/en\/sessions-info\/\"]}]},{\"@type\":\"BreadcrumbList\",\"@id\":\"https:\/\/mateuszhajman.com\/en\/sessions-info\/#breadcrumb\",\"itemListElement\":[{\"@type\":\"ListItem\",\"position\":1,\"name\":\"Strona g\u0142\u00f3wna\",\"item\":\"https:\/\/mateuszhajman.com\/en\/home\/\"},{\"@type\":\"ListItem\",\"position\":2,\"name\":\"Sessions\/info\"}]},{\"@type\":\"WebSite\",\"@id\":\"https:\/\/mateuszhajman.com\/en\/#website\",\"url\":\"https:\/\/mateuszhajman.com\/en\/\",\"name\":\"Mateusz Hajman\",\"description\":\"Pracownia fotograficzna\",\"publisher\":{\"@id\":\"https:\/\/mateuszhajman.com\/en\/#organization\"},\"potentialAction\":[{\"@type\":\"SearchAction\",\"target\":{\"@type\":\"EntryPoint\",\"urlTemplate\":\"https:\/\/mateuszhajman.com\/en\/?s={search_term_string}\"},\"query-input\":{\"@type\":\"PropertyValueSpecification\",\"valueRequired\":true,\"valueName\":\"search_term_string\"}}],\"inLanguage\":\"en-US\"},{\"@type\":\"Organization\",\"@id\":\"https:\/\/mateuszhajman.com\/en\/#organization\",\"name\":\"Mateusz Hajman\",\"url\":\"https:\/\/mateuszhajman.com\/en\/\",\"logo\":{\"@type\":\"ImageObject\",\"inLanguage\":\"en-US\",\"@id\":\"https:\/\/mateuszhajman.com\/en\/#\/schema\/logo\/image\/\",\"url\":\"https:\/\/i2.wp.com\/mateuszhajman.com\/wp-content\/uploads\/2021\/10\/mateusz-hajman_logo.png?fit=4167%2C505&ssl=1\",\"contentUrl\":\"https:\/\/i2.wp.com\/mateuszhajman.com\/wp-content\/uploads\/2021\/10\/mateusz-hajman_logo.png?fit=4167%2C505&ssl=1\",\"width\":4167,\"height\":505,\"caption\":\"Mateusz Hajman\"},\"image\":{\"@id\":\"https:\/\/mateuszhajman.com\/en\/#\/schema\/logo\/image\/\"},\"sameAs\":[\"https:\/\/www.facebook.com\/mateusz.hajman.3\",\"https:\/\/www.instagram.com\/hajman_\/?hl=pl\"]}]}<\/script>\n<!-- \/ Yoast SEO plugin. -->","yoast_head_json":{"title":"Sessions\/info &#8212; Mateusz Hajman","robots":{"index":"index","follow":"follow","max-snippet":"max-snippet:-1","max-image-preview":"max-image-preview:large","max-video-preview":"max-video-preview:-1"},"canonical":"https:\/\/mateuszhajman.com\/en\/sessions-info\/","og_locale":"en_US","og_type":"article","og_title":"Sessions\/info &#8212; Mateusz Hajman","og_description":"Open for collaboration. Please contact me photo@mateuszhajman.com or DM on Instagram in order to arrange terms of the cooperation. Below is a short FAQ based on interviews conducted by Paulina Klepacz and Weronika Sraga for G'rls Room.FAQWho do you prefer to work with, amateurs or professional models?Ironically, it\u2019s usually more difficult with the professionals. They [&hellip;]","og_url":"https:\/\/mateuszhajman.com\/en\/sessions-info\/","og_site_name":"Mateusz Hajman","article_publisher":"https:\/\/www.facebook.com\/mateusz.hajman.3","article_modified_time":"2022-09-08T09:09:18+00:00","og_image":[{"width":1200,"height":630,"url":"https:\/\/mateuszhajman.com\/wp-content\/uploads\/2021\/10\/icon_fb-link.jpg","type":"image\/jpeg"}],"twitter_misc":{"Est. reading time":"4 minutes"},"schema":{"@context":"https:\/\/schema.org","@graph":[{"@type":"WebPage","@id":"https:\/\/mateuszhajman.com\/en\/sessions-info\/","url":"https:\/\/mateuszhajman.com\/en\/sessions-info\/","name":"Sessions\/info &#8212; Mateusz Hajman","isPartOf":{"@id":"https:\/\/mateuszhajman.com\/en\/#website"},"datePublished":"2022-02-06T06:51:10+00:00","dateModified":"2022-09-08T09:09:18+00:00","breadcrumb":{"@id":"https:\/\/mateuszhajman.com\/en\/sessions-info\/#breadcrumb"},"inLanguage":"en-US","potentialAction":[{"@type":"ReadAction","target":["https:\/\/mateuszhajman.com\/en\/sessions-info\/"]}]},{"@type":"BreadcrumbList","@id":"https:\/\/mateuszhajman.com\/en\/sessions-info\/#breadcrumb","itemListElement":[{"@type":"ListItem","position":1,"name":"Strona g\u0142\u00f3wna","item":"https:\/\/mateuszhajman.com\/en\/home\/"},{"@type":"ListItem","position":2,"name":"Sessions\/info"}]},{"@type":"WebSite","@id":"https:\/\/mateuszhajman.com\/en\/#website","url":"https:\/\/mateuszhajman.com\/en\/","name":"Mateusz Hajman","description":"Pracownia fotograficzna","publisher":{"@id":"https:\/\/mateuszhajman.com\/en\/#organization"},"potentialAction":[{"@type":"SearchAction","target":{"@type":"EntryPoint","urlTemplate":"https:\/\/mateuszhajman.com\/en\/?s={search_term_string}"},"query-input":{"@type":"PropertyValueSpecification","valueRequired":true,"valueName":"search_term_string"}}],"inLanguage":"en-US"},{"@type":"Organization","@id":"https:\/\/mateuszhajman.com\/en\/#organization","name":"Mateusz Hajman","url":"https:\/\/mateuszhajman.com\/en\/","logo":{"@type":"ImageObject","inLanguage":"en-US","@id":"https:\/\/mateuszhajman.com\/en\/#\/schema\/logo\/image\/","url":"https:\/\/i2.wp.com\/mateuszhajman.com\/wp-content\/uploads\/2021\/10\/mateusz-hajman_logo.png?fit=4167%2C505&ssl=1","contentUrl":"https:\/\/i2.wp.com\/mateuszhajman.com\/wp-content\/uploads\/2021\/10\/mateusz-hajman_logo.png?fit=4167%2C505&ssl=1","width":4167,"height":505,"caption":"Mateusz Hajman"},"image":{"@id":"https:\/\/mateuszhajman.com\/en\/#\/schema\/logo\/image\/"},"sameAs":["https:\/\/www.facebook.com\/mateusz.hajman.3","https:\/\/www.instagram.com\/hajman_\/?hl=pl"]}]}},"_links":{"self":[{"href":"https:\/\/mateuszhajman.com\/en\/wp-json\/wp\/v2\/pages\/3568"}],"collection":[{"href":"https:\/\/mateuszhajman.com\/en\/wp-json\/wp\/v2\/pages"}],"about":[{"href":"https:\/\/mateuszhajman.com\/en\/wp-json\/wp\/v2\/types\/page"}],"author":[{"embeddable":true,"href":"https:\/\/mateuszhajman.com\/en\/wp-json\/wp\/v2\/users\/1"}],"replies":[{"embeddable":true,"href":"https:\/\/mateuszhajman.com\/en\/wp-json\/wp\/v2\/comments?post=3568"}],"version-history":[{"count":0,"href":"https:\/\/mateuszhajman.com\/en\/wp-json\/wp\/v2\/pages\/3568\/revisions"}],"wp:attachment":[{"href":"https:\/\/mateuszhajman.com\/en\/wp-json\/wp\/v2\/media?parent=3568"}],"curies":[{"name":"wp","href":"https:\/\/api.w.org\/{rel}","templated":true}]}}