{"id":3549,"date":"2022-02-08T11:37:23","date_gmt":"2022-02-08T10:37:23","guid":{"rendered":"https:\/\/mateuszhajman.com\/?page_id=3549"},"modified":"2025-12-04T10:47:44","modified_gmt":"2025-12-04T09:47:44","slug":"bio-en","status":"publish","type":"page","link":"https:\/\/mateuszhajman.com\/en\/bio-en\/","title":{"rendered":"Bio"},"content":{"rendered":"<p>[et_pb_section fb_built=&#8221;1&#8243; admin_label=&#8221;Title&#8221; _builder_version=&#8221;4.16&#8243; _module_preset=&#8221;default&#8221; custom_margin=&#8221;9vw||||false|false&#8221; custom_margin_tablet=&#8221;18vw||||false|false&#8221; custom_margin_phone=&#8221;28vw||||false|false&#8221; custom_margin_last_edited=&#8221;on|desktop&#8221; global_colors_info=&#8221;{}&#8221;][et_pb_row use_custom_gutter=&#8221;on&#8221; gutter_width=&#8221;1&#8243; custom_padding_last_edited=&#8221;on|tablet&#8221; _builder_version=&#8221;4.16&#8243; _module_preset=&#8221;default&#8221; width=&#8221;100%&#8221; width_tablet=&#8221;94%&#8221; width_phone=&#8221;90%&#8221; width_last_edited=&#8221;on|tablet&#8221; max_width=&#8221;100%&#8221; max_width_tablet=&#8221;94%&#8221; max_width_phone=&#8221;90%&#8221; max_width_last_edited=&#8221;on|tablet&#8221; custom_padding=&#8221;|2vw||2vw|false|true&#8221; custom_padding_tablet=&#8221;|0vw||0vw|false|true&#8221; custom_padding_phone=&#8221;|0vw||0vw|false|true&#8221; global_colors_info=&#8221;{}&#8221;][et_pb_column type=&#8221;4_4&#8243; _builder_version=&#8221;4.16&#8243; _module_preset=&#8221;default&#8221; global_colors_info=&#8221;{}&#8221;][et_pb_text admin_label=&#8221;Page title&#8221; module_class=&#8221;calculatedBig&#8221; _builder_version=&#8221;4.16&#8243; _dynamic_attributes=&#8221;content&#8221; _module_preset=&#8221;default&#8221; text_font=&#8221;|300||on|||||&#8221; text_font_size=&#8221;1em&#8221; text_line_height=&#8221;0.7em&#8221; header_font=&#8221;|300||on|||||&#8221; header_font_size=&#8221;1em&#8221; header_line_height=&#8221;0.7em&#8221; custom_margin=&#8221;|||-0.85vw|false|false&#8221; text_font_phone=&#8221;|600|||||||&#8221; text_font_last_edited=&#8221;off|phone&#8221; text_line_height_tablet=&#8221;0.8em&#8221; text_line_height_phone=&#8221;0.9em&#8221; text_line_height_last_edited=&#8221;on|desktop&#8221; header_font_phone=&#8221;|300||on|||||&#8221; header_font_last_edited=&#8221;off|phone&#8221; header_line_height_tablet=&#8221;0.8em&#8221; header_line_height_phone=&#8221;0.9em&#8221; header_line_height_last_edited=&#8221;on|phone&#8221; global_colors_info=&#8221;{}&#8221; custom_css_main_element_last_edited=&#8221;on|desktop&#8221; custom_css_main_element_phone=&#8221;font-weight: 400 !important;&#8221;]@ET-DC@eyJkeW5hbWljIjp0cnVlLCJjb250ZW50IjoicG9zdF90aXRsZSIsInNldHRpbmdzIjp7ImJlZm9yZSI6IiIsImFmdGVyIjoiIn19@[\/et_pb_text][\/et_pb_column][\/et_pb_row][\/et_pb_section][et_pb_section fb_built=&#8221;1&#8243; admin_label=&#8221;Content&#8221; _builder_version=&#8221;4.16&#8243; _module_preset=&#8221;default&#8221; width_tablet=&#8221;98%&#8221; width_phone=&#8221;94%&#8221; width_last_edited=&#8221;on|phone&#8221; max_width_tablet=&#8221;98%&#8221; max_width_phone=&#8221;94%&#8221; max_width_last_edited=&#8221;on|phone&#8221; module_alignment=&#8221;center&#8221; custom_margin=&#8221;2vw||||false|false&#8221; custom_margin_tablet=&#8221;2vw||||false|false&#8221; custom_margin_phone=&#8221;4vw||||false|false&#8221; custom_margin_last_edited=&#8221;on|tablet&#8221; global_colors_info=&#8221;{}&#8221;][et_pb_row column_structure=&#8221;1_2,1_2&#8243; use_custom_gutter=&#8221;on&#8221; gutter_width=&#8221;1&#8243; make_equal=&#8221;on&#8221; _builder_version=&#8221;4.16&#8243; _module_preset=&#8221;default&#8221; width=&#8221;96%&#8221; max_width=&#8221;96%&#8221; custom_padding=&#8221;||||false|false&#8221; global_colors_info=&#8221;{}&#8221;][et_pb_column type=&#8221;1_2&#8243; admin_label=&#8221;photo&#8221; _builder_version=&#8221;4.17.4&#8243; _module_preset=&#8221;default&#8221; background_image=&#8221;https:\/\/mateuszhajman.com\/wp-content\/uploads\/2022\/09\/hajman-bio.jpg&#8221; parallax=&#8221;on&#8221; custom_padding_tablet=&#8221;||3vw||false|false&#8221; custom_padding_phone=&#8221;||5vw||false|false&#8221; custom_padding_last_edited=&#8221;on|tablet&#8221; background_last_edited=&#8221;on|desktop&#8221; background_enable_image_tablet=&#8221;off&#8221; border_width_right=&#8221;2vw&#8221; border_color_right=&#8221;#FFFFFF&#8221; border_width_right_tablet=&#8221;0vw&#8221; border_width_right_phone=&#8221;0vw&#8221; border_width_right_last_edited=&#8221;on|tablet&#8221; global_colors_info=&#8221;{}&#8221;][et_pb_image src=&#8221;https:\/\/mateuszhajman.com\/wp-content\/uploads\/2022\/09\/hajman-bio.jpg&#8221; title_text=&#8221;hajman bio&#8221; disabled_on=&#8221;off|off|on&#8221; _builder_version=&#8221;4.17.4&#8243; _module_preset=&#8221;default&#8221; global_colors_info=&#8221;{}&#8221;][\/et_pb_image][\/et_pb_column][et_pb_column type=&#8221;1_2&#8243; admin_label=&#8221;content&#8221; _builder_version=&#8221;4.16&#8243; _module_preset=&#8221;default&#8221; global_colors_info=&#8221;{}&#8221;][et_pb_text admin_label=&#8221;Subtitle&#8221; module_class=&#8221;calculatedMedium&#8221; _builder_version=&#8221;4.17.4&#8243; _module_preset=&#8221;default&#8221; header_2_font=&#8221;|300||on|||||&#8221; header_2_font_size=&#8221;1em&#8221; width_last_edited=&#8221;off|tablet&#8221; max_width=&#8221;40vw&#8221; max_width_tablet=&#8221;100%&#8221; max_width_phone=&#8221;100%&#8221; max_width_last_edited=&#8221;on|tablet&#8221; custom_margin=&#8221;||1vw|-0.2vw|false|false&#8221; custom_margin_tablet=&#8221;0vw||1vw||false|false&#8221; custom_margin_phone=&#8221;||1vw||false|false&#8221; custom_margin_last_edited=&#8221;on|phone&#8221; global_colors_info=&#8221;{}&#8221;]<\/p>\n<h2>About me, shortly..<\/h2>\n<p>[\/et_pb_text][et_pb_text admin_label=&#8221;content txt&#8221; module_class=&#8221;calculated&#8221; _builder_version=&#8221;4.17.4&#8243; _module_preset=&#8221;default&#8221; text_font=&#8221;|||on|||||&#8221; text_line_height=&#8221;1.3em&#8221; width_last_edited=&#8221;off|tablet&#8221; max_width=&#8221;40vw&#8221; max_width_tablet=&#8221;100%&#8221; max_width_phone=&#8221;100%&#8221; max_width_last_edited=&#8221;on|phone&#8221; global_colors_info=&#8221;{}&#8221;]I graduated in Painting at Academy in Fine Arts in Katowice. I&#8217;ve been taking photos for over 12 years. I was interested in female nudes from the very beginning. I use analogue cameras. I especially value instant cameras like Paolroid or Instax.[\/et_pb_text][et_pb_text admin_label=&#8221;Subtitle&#8221; module_class=&#8221;calculatedMedium&#8221; _builder_version=&#8221;4.17.4&#8243; _module_preset=&#8221;default&#8221; header_2_font=&#8221;|300||on|||||&#8221; header_2_font_size=&#8221;1em&#8221; width_last_edited=&#8221;off|tablet&#8221; max_width=&#8221;40vw&#8221; max_width_tablet=&#8221;100%&#8221; max_width_phone=&#8221;100%&#8221; max_width_last_edited=&#8221;on|tablet&#8221; custom_margin=&#8221;2vw||1vw|-0.2vw|false|false&#8221; custom_margin_tablet=&#8221;3vw||2vw||false|false&#8221; custom_margin_phone=&#8221;5vw||2vw||false|false&#8221; custom_margin_last_edited=&#8221;on|phone&#8221; global_colors_info=&#8221;{}&#8221;]<\/p>\n<h2>Exhibitions<\/h2>\n<p>[\/et_pb_text][et_pb_text admin_label=&#8221;content txt&#8221; module_class=&#8221;calculated&#8221; _builder_version=&#8221;4.17.4&#8243; _module_preset=&#8221;default&#8221; text_font=&#8221;|||on|||||&#8221; text_line_height=&#8221;1.3em&#8221; width_last_edited=&#8221;off|tablet&#8221; max_width=&#8221;40vw&#8221; max_width_tablet=&#8221;100%&#8221; max_width_phone=&#8221;100%&#8221; max_width_last_edited=&#8221;on|phone&#8221; hover_enabled=&#8221;0&#8243; global_colors_info=&#8221;{}&#8221; sticky_enabled=&#8221;0&#8243;]Solo<\/p>\n<p>2025 10-lecie Kalendarzy, ASP Katowice, PL<br \/>\n2025 Lato, Otwarta Pracownia Jazd\u00f3w, Warszawa, PL<br \/>\n2023 Launch Party, Oblat\u00f3w 4, Katowice, PL<br \/>\n2022 Sirens of Poland, Pysja, Reykjavik, ISL<br \/>\n2019 Polaroidy, Kolonia Artyst\u00f3w, Gda\u0144sk, PL<br \/>\n2014 Cz\u0119\u015bci sk\u0142adowe, Ma\u0142a Przestrze\u0144 BWA, Katowice, PL<br \/>\n2013 Przed\u0142u\u017caj\u0105ce si\u0119 popo\u0142udniowe drzemki, Dwie Lewe R\u0119ce, Katowice, PL<br \/>\n2013 Wszystko poza tym, Rondo Sztuki+, Katowice, PL<br \/>\n2012 Live View, Nie Zastawia\u0107, Katowice, PL<\/p>\n<p>Group<\/p>\n<p>2022 Temat rzeka &#8211; Muzeum \u015al\u0105skie, Katowice<br \/>\n2015 Co ukryte &#8211; m\u0142oda sztuka ze \u015al\u0105ska, PGS, Sopot<br \/>\n2015 \u015awie\u017ca Krew, SOCATO, Wroc\u0142aw<br \/>\n2015 Najlepsze Dyplomy ASP, Zbrojownia, Gda\u0144sk<br \/>\n2015 Shortlist Slide Night, ShowOFF Section, Krakow Photomonth<br \/>\n2014 Real Focus, Galeria Ego, Pozna\u0144<br \/>\n2013 Last Shot, Muzeum \u015al\u0105skie, Katowice<br \/>\n2013 Masa Per\u0142owa, galeria EMDES, Wroc\u0142aw<br \/>\n2012 URBAN LEGENDS, Galeria ZPAF Katowice[\/et_pb_text][\/et_pb_column][\/et_pb_row][\/et_pb_section]<\/p>\n","protected":false},"excerpt":{"rendered":"<p>About me, shortly..I graduated in Painting at Academy in Fine Arts in Katowice. I&#8217;ve been taking photos for over 12 years. I was interested in female nudes from the very beginning. I use analogue cameras. I especially value instant cameras like Paolroid or Instax.ExhibitionsSolo 2025 10-lecie Kalendarzy, ASP Katowice, PL 2025 Lato, Otwarta Pracownia Jazd\u00f3w, [&hellip;]<\/p>\n","protected":false},"author":1,"featured_media":0,"parent":0,"menu_order":0,"comment_status":"closed","ping_status":"closed","template":"","meta":{"_et_pb_use_builder":"on","_et_pb_old_content":"","_et_gb_content_width":"","inline_featured_image":false,"footnotes":""},"acf":[],"yoast_head":"<!-- This site is optimized with the Yoast SEO plugin v23.5 - https:\/\/yoast.com\/wordpress\/plugins\/seo\/ -->\n<title>Bio &#8212; Mateusz Hajman<\/title>\n<meta name=\"robots\" content=\"index, follow, max-snippet:-1, max-image-preview:large, max-video-preview:-1\" \/>\n<link rel=\"canonical\" href=\"https:\/\/mateuszhajman.com\/en\/bio-en\/\" \/>\n<meta property=\"og:locale\" content=\"en_US\" \/>\n<meta property=\"og:type\" content=\"article\" \/>\n<meta property=\"og:title\" content=\"Bio &#8212; Mateusz Hajman\" \/>\n<meta property=\"og:description\" content=\"About me, shortly..I graduated in Painting at Academy in Fine Arts in Katowice. I&#039;ve been taking photos for over 12 years. I was interested in female nudes from the very beginning. I use analogue cameras. I especially value instant cameras like Paolroid or Instax.ExhibitionsSolo 2025 10-lecie Kalendarzy, ASP Katowice, PL 2025 Lato, Otwarta Pracownia Jazd\u00f3w, [&hellip;]\" \/>\n<meta property=\"og:url\" content=\"https:\/\/mateuszhajman.com\/en\/bio-en\/\" \/>\n<meta property=\"og:site_name\" content=\"Mateusz Hajman\" \/>\n<meta property=\"article:publisher\" content=\"https:\/\/www.facebook.com\/mateusz.hajman.3\" \/>\n<meta property=\"article:modified_time\" content=\"2025-12-04T09:47:44+00:00\" \/>\n<meta property=\"og:image\" content=\"https:\/\/mateuszhajman.com\/wp-content\/uploads\/2021\/10\/icon_fb-link.jpg\" \/>\n\t<meta property=\"og:image:width\" content=\"1200\" \/>\n\t<meta property=\"og:image:height\" content=\"630\" \/>\n\t<meta property=\"og:image:type\" content=\"image\/jpeg\" \/>\n<meta name=\"twitter:label1\" content=\"Est. reading time\" \/>\n\t<meta name=\"twitter:data1\" content=\"2 minutes\" \/>\n<script type=\"application\/ld+json\" class=\"yoast-schema-graph\">{\"@context\":\"https:\/\/schema.org\",\"@graph\":[{\"@type\":\"WebPage\",\"@id\":\"https:\/\/mateuszhajman.com\/en\/bio-en\/\",\"url\":\"https:\/\/mateuszhajman.com\/en\/bio-en\/\",\"name\":\"Bio &#8212; Mateusz Hajman\",\"isPartOf\":{\"@id\":\"https:\/\/mateuszhajman.com\/en\/#website\"},\"datePublished\":\"2022-02-08T10:37:23+00:00\",\"dateModified\":\"2025-12-04T09:47:44+00:00\",\"breadcrumb\":{\"@id\":\"https:\/\/mateuszhajman.com\/en\/bio-en\/#breadcrumb\"},\"inLanguage\":\"en-US\",\"potentialAction\":[{\"@type\":\"ReadAction\",\"target\":[\"https:\/\/mateuszhajman.com\/en\/bio-en\/\"]}]},{\"@type\":\"BreadcrumbList\",\"@id\":\"https:\/\/mateuszhajman.com\/en\/bio-en\/#breadcrumb\",\"itemListElement\":[{\"@type\":\"ListItem\",\"position\":1,\"name\":\"Strona g\u0142\u00f3wna\",\"item\":\"https:\/\/mateuszhajman.com\/en\/home\/\"},{\"@type\":\"ListItem\",\"position\":2,\"name\":\"Bio\"}]},{\"@type\":\"WebSite\",\"@id\":\"https:\/\/mateuszhajman.com\/en\/#website\",\"url\":\"https:\/\/mateuszhajman.com\/en\/\",\"name\":\"Mateusz Hajman\",\"description\":\"Pracownia fotograficzna\",\"publisher\":{\"@id\":\"https:\/\/mateuszhajman.com\/en\/#organization\"},\"potentialAction\":[{\"@type\":\"SearchAction\",\"target\":{\"@type\":\"EntryPoint\",\"urlTemplate\":\"https:\/\/mateuszhajman.com\/en\/?s={search_term_string}\"},\"query-input\":{\"@type\":\"PropertyValueSpecification\",\"valueRequired\":true,\"valueName\":\"search_term_string\"}}],\"inLanguage\":\"en-US\"},{\"@type\":\"Organization\",\"@id\":\"https:\/\/mateuszhajman.com\/en\/#organization\",\"name\":\"Mateusz Hajman\",\"url\":\"https:\/\/mateuszhajman.com\/en\/\",\"logo\":{\"@type\":\"ImageObject\",\"inLanguage\":\"en-US\",\"@id\":\"https:\/\/mateuszhajman.com\/en\/#\/schema\/logo\/image\/\",\"url\":\"https:\/\/i2.wp.com\/mateuszhajman.com\/wp-content\/uploads\/2021\/10\/mateusz-hajman_logo.png?fit=4167%2C505&ssl=1\",\"contentUrl\":\"https:\/\/i2.wp.com\/mateuszhajman.com\/wp-content\/uploads\/2021\/10\/mateusz-hajman_logo.png?fit=4167%2C505&ssl=1\",\"width\":4167,\"height\":505,\"caption\":\"Mateusz Hajman\"},\"image\":{\"@id\":\"https:\/\/mateuszhajman.com\/en\/#\/schema\/logo\/image\/\"},\"sameAs\":[\"https:\/\/www.facebook.com\/mateusz.hajman.3\",\"https:\/\/www.instagram.com\/hajman_\/?hl=pl\"]}]}<\/script>\n<!-- \/ Yoast SEO plugin. -->","yoast_head_json":{"title":"Bio &#8212; Mateusz Hajman","robots":{"index":"index","follow":"follow","max-snippet":"max-snippet:-1","max-image-preview":"max-image-preview:large","max-video-preview":"max-video-preview:-1"},"canonical":"https:\/\/mateuszhajman.com\/en\/bio-en\/","og_locale":"en_US","og_type":"article","og_title":"Bio &#8212; Mateusz Hajman","og_description":"About me, shortly..I graduated in Painting at Academy in Fine Arts in Katowice. I've been taking photos for over 12 years. I was interested in female nudes from the very beginning. I use analogue cameras. I especially value instant cameras like Paolroid or Instax.ExhibitionsSolo 2025 10-lecie Kalendarzy, ASP Katowice, PL 2025 Lato, Otwarta Pracownia Jazd\u00f3w, [&hellip;]","og_url":"https:\/\/mateuszhajman.com\/en\/bio-en\/","og_site_name":"Mateusz Hajman","article_publisher":"https:\/\/www.facebook.com\/mateusz.hajman.3","article_modified_time":"2025-12-04T09:47:44+00:00","og_image":[{"width":1200,"height":630,"url":"https:\/\/mateuszhajman.com\/wp-content\/uploads\/2021\/10\/icon_fb-link.jpg","type":"image\/jpeg"}],"twitter_misc":{"Est. reading time":"2 minutes"},"schema":{"@context":"https:\/\/schema.org","@graph":[{"@type":"WebPage","@id":"https:\/\/mateuszhajman.com\/en\/bio-en\/","url":"https:\/\/mateuszhajman.com\/en\/bio-en\/","name":"Bio &#8212; Mateusz Hajman","isPartOf":{"@id":"https:\/\/mateuszhajman.com\/en\/#website"},"datePublished":"2022-02-08T10:37:23+00:00","dateModified":"2025-12-04T09:47:44+00:00","breadcrumb":{"@id":"https:\/\/mateuszhajman.com\/en\/bio-en\/#breadcrumb"},"inLanguage":"en-US","potentialAction":[{"@type":"ReadAction","target":["https:\/\/mateuszhajman.com\/en\/bio-en\/"]}]},{"@type":"BreadcrumbList","@id":"https:\/\/mateuszhajman.com\/en\/bio-en\/#breadcrumb","itemListElement":[{"@type":"ListItem","position":1,"name":"Strona g\u0142\u00f3wna","item":"https:\/\/mateuszhajman.com\/en\/home\/"},{"@type":"ListItem","position":2,"name":"Bio"}]},{"@type":"WebSite","@id":"https:\/\/mateuszhajman.com\/en\/#website","url":"https:\/\/mateuszhajman.com\/en\/","name":"Mateusz Hajman","description":"Pracownia fotograficzna","publisher":{"@id":"https:\/\/mateuszhajman.com\/en\/#organization"},"potentialAction":[{"@type":"SearchAction","target":{"@type":"EntryPoint","urlTemplate":"https:\/\/mateuszhajman.com\/en\/?s={search_term_string}"},"query-input":{"@type":"PropertyValueSpecification","valueRequired":true,"valueName":"search_term_string"}}],"inLanguage":"en-US"},{"@type":"Organization","@id":"https:\/\/mateuszhajman.com\/en\/#organization","name":"Mateusz Hajman","url":"https:\/\/mateuszhajman.com\/en\/","logo":{"@type":"ImageObject","inLanguage":"en-US","@id":"https:\/\/mateuszhajman.com\/en\/#\/schema\/logo\/image\/","url":"https:\/\/i2.wp.com\/mateuszhajman.com\/wp-content\/uploads\/2021\/10\/mateusz-hajman_logo.png?fit=4167%2C505&ssl=1","contentUrl":"https:\/\/i2.wp.com\/mateuszhajman.com\/wp-content\/uploads\/2021\/10\/mateusz-hajman_logo.png?fit=4167%2C505&ssl=1","width":4167,"height":505,"caption":"Mateusz Hajman"},"image":{"@id":"https:\/\/mateuszhajman.com\/en\/#\/schema\/logo\/image\/"},"sameAs":["https:\/\/www.facebook.com\/mateusz.hajman.3","https:\/\/www.instagram.com\/hajman_\/?hl=pl"]}]}},"_links":{"self":[{"href":"https:\/\/mateuszhajman.com\/en\/wp-json\/wp\/v2\/pages\/3549"}],"collection":[{"href":"https:\/\/mateuszhajman.com\/en\/wp-json\/wp\/v2\/pages"}],"about":[{"href":"https:\/\/mateuszhajman.com\/en\/wp-json\/wp\/v2\/types\/page"}],"author":[{"embeddable":true,"href":"https:\/\/mateuszhajman.com\/en\/wp-json\/wp\/v2\/users\/1"}],"replies":[{"embeddable":true,"href":"https:\/\/mateuszhajman.com\/en\/wp-json\/wp\/v2\/comments?post=3549"}],"version-history":[{"count":1,"href":"https:\/\/mateuszhajman.com\/en\/wp-json\/wp\/v2\/pages\/3549\/revisions"}],"predecessor-version":[{"id":5019,"href":"https:\/\/mateuszhajman.com\/en\/wp-json\/wp\/v2\/pages\/3549\/revisions\/5019"}],"wp:attachment":[{"href":"https:\/\/mateuszhajman.com\/en\/wp-json\/wp\/v2\/media?parent=3549"}],"curies":[{"name":"wp","href":"https:\/\/api.w.org\/{rel}","templated":true}]}}